{"id":2073,"date":"2025-05-20T21:18:45","date_gmt":"2025-05-21T01:18:45","guid":{"rendered":"https:\/\/lomalindacampestre.org\/?page_id=2073"},"modified":"2025-07-22T23:58:44","modified_gmt":"2025-07-23T03:58:44","slug":"sostenibilidad","status":"publish","type":"page","link":"https:\/\/lomalindacampestre.org\/en\/sostenibilidad\/","title":{"rendered":"Sustainability"},"content":{"rendered":"<div data-elementor-type=\"wp-page\" data-elementor-id=\"2073\" class=\"elementor elementor-2073\" data-elementor-post-type=\"page\">\n\t\t\t\t<div class=\"elementor-element elementor-element-971fdab e-con-full e-flex wpr-particle-no wpr-jarallax-no wpr-parallax-no wpr-sticky-section-no e-con e-parent\" data-id=\"971fdab\" data-element_type=\"container\" data-e-type=\"container\" data-settings=\"{&quot;background_background&quot;:&quot;classic&quot;}\">\n\t\t\t\t<\/div>\n\t\t<div class=\"elementor-element elementor-element-23f68cb e-flex e-con-boxed wpr-particle-no wpr-jarallax-no wpr-parallax-no wpr-sticky-section-no e-con e-parent\" data-id=\"23f68cb\" data-element_type=\"container\" data-e-type=\"container\" data-settings=\"{&quot;background_background&quot;:&quot;classic&quot;}\">\n\t\t\t\t\t<div class=\"e-con-inner\">\n\t\t\t\t<div class=\"elementor-element elementor-element-d61665c elementor-widget elementor-widget-heading\" data-id=\"d61665c\" data-element_type=\"widget\" data-e-type=\"widget\" data-widget_type=\"heading.default\">\n\t\t\t\t<div class=\"elementor-widget-container\">\n\t\t\t\t\t<h2 class=\"elementor-heading-title elementor-size-default\">Sustainability<\/h2>\t\t\t\t<\/div>\n\t\t\t\t<\/div>\n\t\t\t\t\t<\/div>\n\t\t\t\t<\/div>\n\t\t<div class=\"elementor-element elementor-element-07e4cfe e-flex e-con-boxed wpr-particle-no wpr-jarallax-no wpr-parallax-no wpr-sticky-section-no e-con e-parent\" data-id=\"07e4cfe\" data-element_type=\"container\" data-e-type=\"container\">\n\t\t\t\t\t<div class=\"e-con-inner\">\n\t\t\t\t\t<\/div>\n\t\t\t\t<\/div>\n\t\t\t\t<section class=\"elementor-section elementor-top-section elementor-element elementor-element-yaeel4k elementor-section-content-middle animated-slow elementor-section-boxed elementor-section-height-default elementor-section-height-default wpr-particle-no wpr-jarallax-no wpr-parallax-no wpr-sticky-section-no\" data-id=\"yaeel4k\" data-element_type=\"section\" data-e-type=\"section\" data-settings=\"{&quot;background_background&quot;:&quot;classic&quot;,&quot;animation&quot;:&quot;none&quot;}\">\n\t\t\t\t\t\t\t<div class=\"elementor-background-overlay\"><\/div>\n\t\t\t\t\t\t\t<div class=\"elementor-container elementor-column-gap-no\">\n\t\t\t\t\t<div class=\"elementor-column elementor-col-50 elementor-top-column elementor-element elementor-element-957c1a9\" data-id=\"957c1a9\" data-element_type=\"column\" data-e-type=\"column\">\n\t\t\t<div class=\"elementor-widget-wrap elementor-element-populated\">\n\t\t\t\t\t\t<div class=\"elementor-element elementor-element-fd47f1d elementor-widget elementor-widget-image\" data-id=\"fd47f1d\" data-element_type=\"widget\" data-e-type=\"widget\" data-widget_type=\"image.default\">\n\t\t\t\t<div class=\"elementor-widget-container\">\n\t\t\t\t\t\t\t\t\t\t\t\t\t\t\t<img fetchpriority=\"high\" decoding=\"async\" width=\"2560\" height=\"1705\" src=\"https:\/\/lomalindacampestre.org\/wp-content\/uploads\/2025\/07\/Agricultura-2-scaled.jpg\" class=\"elementor-animation-grow attachment-full size-full wp-image-3114\" alt=\"\" srcset=\"https:\/\/lomalindacampestre.org\/wp-content\/uploads\/2025\/07\/Agricultura-2-scaled.jpg 2560w, https:\/\/lomalindacampestre.org\/wp-content\/uploads\/2025\/07\/Agricultura-2-300x200.jpg 300w, https:\/\/lomalindacampestre.org\/wp-content\/uploads\/2025\/07\/Agricultura-2-1024x682.jpg 1024w, https:\/\/lomalindacampestre.org\/wp-content\/uploads\/2025\/07\/Agricultura-2-768x511.jpg 768w, https:\/\/lomalindacampestre.org\/wp-content\/uploads\/2025\/07\/Agricultura-2-1536x1023.jpg 1536w, https:\/\/lomalindacampestre.org\/wp-content\/uploads\/2025\/07\/Agricultura-2-2048x1364.jpg 2048w, https:\/\/lomalindacampestre.org\/wp-content\/uploads\/2025\/07\/Agricultura-2-18x12.jpg 18w, https:\/\/lomalindacampestre.org\/wp-content\/uploads\/2025\/07\/Agricultura-2-600x400.jpg 600w\" sizes=\"(max-width: 2560px) 100vw, 2560px\" \/>\t\t\t\t\t\t\t\t\t\t\t\t\t\t\t<\/div>\n\t\t\t\t<\/div>\n\t\t\t\t\t<\/div>\n\t\t<\/div>\n\t\t\t\t<div class=\"elementor-column elementor-col-50 elementor-top-column elementor-element elementor-element-75109e3 animated-slow elementor-invisible\" data-id=\"75109e3\" data-element_type=\"column\" data-e-type=\"column\" data-settings=\"{&quot;animation&quot;:&quot;fadeInRight&quot;}\">\n\t\t\t<div class=\"elementor-widget-wrap elementor-element-populated\">\n\t\t\t\t\t\t<div class=\"elementor-element elementor-element-0806230 elementor-widget elementor-widget-heading\" data-id=\"0806230\" data-element_type=\"widget\" data-e-type=\"widget\" data-widget_type=\"heading.default\">\n\t\t\t\t<div class=\"elementor-widget-container\">\n\t\t\t\t\t<h2 class=\"elementor-heading-title elementor-size-default\">Development and Sustainability<\/h2>\t\t\t\t<\/div>\n\t\t\t\t<\/div>\n\t\t\t\t<div class=\"elementor-element elementor-element-27a622b elementor-widget__width-initial elementor-widget-mobile__width-inherit elementor-widget elementor-widget-text-editor\" data-id=\"27a622b\" data-element_type=\"widget\" data-e-type=\"widget\" data-widget_type=\"text-editor.default\">\n\t\t\t\t<div class=\"elementor-widget-container\">\n\t\t\t\t\t\t\t\t\tLife in the countryside offers endless benefits. It inspires us to develop and share innovative experiences and sustainable means, achieving new ventures!\t\t\t\t\t\t\t\t<\/div>\n\t\t\t\t<\/div>\n\t\t\t\t\t<\/div>\n\t\t<\/div>\n\t\t\t\t\t<\/div>\n\t\t<\/section>\n\t\t<div class=\"elementor-element elementor-element-31abef2 e-flex e-con-boxed wpr-particle-no wpr-jarallax-no wpr-parallax-no wpr-sticky-section-no e-con e-parent\" data-id=\"31abef2\" data-element_type=\"container\" data-e-type=\"container\">\n\t\t\t\t\t<div class=\"e-con-inner\">\n\t\t\t\t\t<\/div>\n\t\t\t\t<\/div>\n\t\t\t\t<section class=\"elementor-section elementor-top-section elementor-element elementor-element-1cdb949 elementor-section-content-middle elementor-section-boxed elementor-section-height-default elementor-section-height-default wpr-particle-no wpr-jarallax-no wpr-parallax-no wpr-sticky-section-no\" data-id=\"1cdb949\" data-element_type=\"section\" data-e-type=\"section\" data-settings=\"{&quot;background_background&quot;:&quot;classic&quot;}\">\n\t\t\t\t\t\t\t<div class=\"elementor-background-overlay\"><\/div>\n\t\t\t\t\t\t\t<div class=\"elementor-container elementor-column-gap-no\">\n\t\t\t\t\t<div class=\"elementor-column elementor-col-50 elementor-top-column elementor-element elementor-element-fa6c802 animated-slow elementor-invisible\" data-id=\"fa6c802\" data-element_type=\"column\" data-e-type=\"column\" data-settings=\"{&quot;animation&quot;:&quot;fadeInLeft&quot;}\">\n\t\t\t<div class=\"elementor-widget-wrap elementor-element-populated\">\n\t\t\t\t\t\t<div class=\"elementor-element elementor-element-a5ca601 elementor-widget elementor-widget-heading\" data-id=\"a5ca601\" data-element_type=\"widget\" data-e-type=\"widget\" data-widget_type=\"heading.default\">\n\t\t\t\t<div class=\"elementor-widget-container\">\n\t\t\t\t\t<h2 class=\"elementor-heading-title elementor-size-default\">Entrepreneurship<\/h2>\t\t\t\t<\/div>\n\t\t\t\t<\/div>\n\t\t\t\t<div class=\"elementor-element elementor-element-19243e8 elementor-widget-tablet__width-initial elementor-widget-mobile__width-inherit elementor-widget elementor-widget-text-editor\" data-id=\"19243e8\" data-element_type=\"widget\" data-e-type=\"widget\" data-widget_type=\"text-editor.default\">\n\t\t\t\t<div class=\"elementor-widget-container\">\n\t\t\t\t\t\t\t\t\tThe principle of economy. In order to save dollars, dimes and pennies must be carefully treasured. Men who have been successful in business have always been economical, persevering, and energetic. It takes time for a person to become so accustomed to a given course of life as to be happy in pursuing it. We shall be individually what our habits make us, now and forever.  (Ellen White PM 108.3)\t\t\t\t\t\t\t\t<\/div>\n\t\t\t\t<\/div>\n\t\t\t\t\t<\/div>\n\t\t<\/div>\n\t\t\t\t<div class=\"elementor-column elementor-col-50 elementor-top-column elementor-element elementor-element-bc4e4c2\" data-id=\"bc4e4c2\" data-element_type=\"column\" data-e-type=\"column\">\n\t\t\t<div class=\"elementor-widget-wrap elementor-element-populated\">\n\t\t\t\t\t\t<div class=\"elementor-element elementor-element-550a87e elementor-widget elementor-widget-image\" data-id=\"550a87e\" data-element_type=\"widget\" data-e-type=\"widget\" data-widget_type=\"image.default\">\n\t\t\t\t<div class=\"elementor-widget-container\">\n\t\t\t\t\t\t\t\t\t\t\t\t\t\t\t<img decoding=\"async\" width=\"684\" height=\"456\" src=\"https:\/\/lomalindacampestre.org\/wp-content\/uploads\/2024\/07\/productos-integrales.jpg\" class=\"elementor-animation-grow attachment-full size-full wp-image-1853\" alt=\"\" srcset=\"https:\/\/lomalindacampestre.org\/wp-content\/uploads\/2024\/07\/productos-integrales.jpg 684w, https:\/\/lomalindacampestre.org\/wp-content\/uploads\/2024\/07\/productos-integrales-300x200.jpg 300w, https:\/\/lomalindacampestre.org\/wp-content\/uploads\/2024\/07\/productos-integrales-18x12.jpg 18w, https:\/\/lomalindacampestre.org\/wp-content\/uploads\/2024\/07\/productos-integrales-600x400.jpg 600w\" sizes=\"(max-width: 684px) 100vw, 684px\" \/>\t\t\t\t\t\t\t\t\t\t\t\t\t\t\t<\/div>\n\t\t\t\t<\/div>\n\t\t\t\t\t<\/div>\n\t\t<\/div>\n\t\t\t\t\t<\/div>\n\t\t<\/section>\n\t\t<div class=\"elementor-element elementor-element-b10ee8a e-flex e-con-boxed wpr-particle-no wpr-jarallax-no wpr-parallax-no wpr-sticky-section-no e-con e-parent\" data-id=\"b10ee8a\" data-element_type=\"container\" data-e-type=\"container\">\n\t\t\t\t\t<div class=\"e-con-inner\">\n\t\t\t\t\t<\/div>\n\t\t\t\t<\/div>\n\t\t\t\t<section class=\"elementor-section elementor-top-section elementor-element elementor-element-8bc0f73 elementor-section-content-middle elementor-section-boxed elementor-section-height-default elementor-section-height-default wpr-particle-no wpr-jarallax-no wpr-parallax-no wpr-sticky-section-no\" data-id=\"8bc0f73\" data-element_type=\"section\" data-e-type=\"section\" data-settings=\"{&quot;background_background&quot;:&quot;classic&quot;}\">\n\t\t\t\t\t\t\t<div class=\"elementor-background-overlay\"><\/div>\n\t\t\t\t\t\t\t<div class=\"elementor-container elementor-column-gap-no\">\n\t\t\t\t\t<div class=\"elementor-column elementor-col-50 elementor-top-column elementor-element elementor-element-f4ca3a7\" data-id=\"f4ca3a7\" data-element_type=\"column\" data-e-type=\"column\">\n\t\t\t<div class=\"elementor-widget-wrap elementor-element-populated\">\n\t\t\t\t\t\t<div class=\"elementor-element elementor-element-6b8b11e elementor-widget elementor-widget-image\" data-id=\"6b8b11e\" data-element_type=\"widget\" data-e-type=\"widget\" data-widget_type=\"image.default\">\n\t\t\t\t<div class=\"elementor-widget-container\">\n\t\t\t\t\t\t\t\t\t\t\t\t\t\t\t<img decoding=\"async\" width=\"2560\" height=\"1705\" src=\"https:\/\/lomalindacampestre.org\/wp-content\/uploads\/2025\/07\/Agricultura-1-scaled.jpg\" class=\"elementor-animation-grow attachment-full size-full wp-image-2611\" alt=\"\" srcset=\"https:\/\/lomalindacampestre.org\/wp-content\/uploads\/2025\/07\/Agricultura-1-scaled.jpg 2560w, https:\/\/lomalindacampestre.org\/wp-content\/uploads\/2025\/07\/Agricultura-1-300x200.jpg 300w, https:\/\/lomalindacampestre.org\/wp-content\/uploads\/2025\/07\/Agricultura-1-1024x682.jpg 1024w, https:\/\/lomalindacampestre.org\/wp-content\/uploads\/2025\/07\/Agricultura-1-768x511.jpg 768w, https:\/\/lomalindacampestre.org\/wp-content\/uploads\/2025\/07\/Agricultura-1-1536x1023.jpg 1536w, https:\/\/lomalindacampestre.org\/wp-content\/uploads\/2025\/07\/Agricultura-1-2048x1364.jpg 2048w, https:\/\/lomalindacampestre.org\/wp-content\/uploads\/2025\/07\/Agricultura-1-18x12.jpg 18w, https:\/\/lomalindacampestre.org\/wp-content\/uploads\/2025\/07\/Agricultura-1-600x400.jpg 600w\" sizes=\"(max-width: 2560px) 100vw, 2560px\" \/>\t\t\t\t\t\t\t\t\t\t\t\t\t\t\t<\/div>\n\t\t\t\t<\/div>\n\t\t\t\t\t<\/div>\n\t\t<\/div>\n\t\t\t\t<div class=\"elementor-column elementor-col-50 elementor-top-column elementor-element elementor-element-c627adf animated-slow elementor-invisible\" data-id=\"c627adf\" data-element_type=\"column\" data-e-type=\"column\" data-settings=\"{&quot;animation&quot;:&quot;fadeInRight&quot;}\">\n\t\t\t<div class=\"elementor-widget-wrap elementor-element-populated\">\n\t\t\t\t\t\t<div class=\"elementor-element elementor-element-343694f elementor-widget elementor-widget-heading\" data-id=\"343694f\" data-element_type=\"widget\" data-e-type=\"widget\" data-widget_type=\"heading.default\">\n\t\t\t\t<div class=\"elementor-widget-container\">\n\t\t\t\t\t<h2 class=\"elementor-heading-title elementor-size-default\">Training program in Organic Agriculture <\/h2>\t\t\t\t<\/div>\n\t\t\t\t<\/div>\n\t\t\t\t<div class=\"elementor-element elementor-element-a5e5b0a elementor-widget__width-initial elementor-widget-tablet__width-initial elementor-widget-mobile__width-inherit elementor-widget elementor-widget-text-editor\" data-id=\"a5e5b0a\" data-element_type=\"widget\" data-e-type=\"widget\" data-widget_type=\"text-editor.default\">\n\t\t\t\t<div class=\"elementor-widget-container\">\n\t\t\t\t\t\t\t\t\tOrganic farming offers numerous benefits, such as improved soil health, the absence of chemicals, and the use of natural fertilizers that are cheaper and easier to prepare on the farm. Crop rotation protects the soil, preventing nutrient loss and soil erosion. We offer training in preparing organic fertilizers and compost for healthy crop growth.\t\t\t\t\t\t\t\t<\/div>\n\t\t\t\t<\/div>\n\t\t\t\t\t<\/div>\n\t\t<\/div>\n\t\t\t\t\t<\/div>\n\t\t<\/section>\n\t\t\t\t<\/div>","protected":false},"excerpt":{"rendered":"<p>Sostenibilidad Desarrollo y Sostenibilidad La vida en el campo ofrece innumerables beneficios. Nos inspira a desarrollar y compartir experiencias innovadoras y medios sostenibles, \u00a1logrando as\u00ed nuevos proyectos! Emprendimiento El principio de la econom\u00eda. Para ahorrar los pesos, primero hay que ahorrar con cuidado las monedas peque\u00f1as. Los hombres que han tenido \u00e9xito en los negocios han sido siempre ahorrativos, perseverantes y en\u00e9rgicos. Se requiere tiempo para que una persona se acostumbre a cierto estilo de vida hasta que encuentre felicidad practic\u00e1ndolo. Seremos individualmente lo que nuestros h\u00e1bitos nos hagan, ahora y hasta la eternidad. (Ellen White Mpu 120.1) Capacitaci\u00f3n en Agricultura Org\u00e1nica La agricultura org\u00e1nica ofrece numerosos beneficios, como una mejor salud del suelo, la ausencia de productos qu\u00edmicos y el uso de fertilizantes naturales m\u00e1s econ\u00f3micos y f\u00e1ciles de preparar en la finca. La rotaci\u00f3n de cultivos protege la tierra, previniendo as\u00ed la p\u00e9rdida de nutrientes y la erosi\u00f3n del suelo. Ofrecemos capacitaci\u00f3n en la preparaci\u00f3n de abonos y fertilizantes org\u00e1nicos para el buen crecimiento de sus cultivos.<\/p>","protected":false},"author":1,"featured_media":0,"parent":0,"menu_order":0,"comment_status":"closed","ping_status":"closed","template":"","meta":{"site-sidebar-layout":"no-sidebar","site-content-layout":"page-builder","ast-site-content-layout":"full-width-container","site-content-style":"default","site-sidebar-style":"default","ast-global-header-display":"","ast-banner-title-visibility":"","ast-main-header-display":"","ast-hfb-above-header-display":"","ast-hfb-below-header-display":"","ast-hfb-mobile-header-display":"","site-post-title":"disabled","ast-breadcrumbs-content":"","ast-featured-img":"disabled","footer-sml-layout":"","ast-disable-related-posts":"","theme-transparent-header-meta":"disabled","adv-header-id-meta":"","stick-header-meta":"","header-above-stick-meta":"","header-main-stick-meta":"","header-below-stick-meta":"","astra-migrate-meta-layouts":"set","ast-page-background-enabled":"default","ast-page-background-meta":{"desktop":{"background-color":"var(--ast-global-color-4)","background-image":"","background-repeat":"repeat","background-position":"center center","background-size":"auto","background-attachment":"scroll","background-type":"","background-media":"","overlay-type":"","overlay-color":"","overlay-opacity":"","overlay-gradient":""},"tablet":{"background-color":"","background-image":"","background-repeat":"repeat","background-position":"center center","background-size":"auto","background-attachment":"scroll","background-type":"","background-media":"","overlay-type":"","overlay-color":"","overlay-opacity":"","overlay-gradient":""},"mobile":{"background-color":"","background-image":"","background-repeat":"repeat","background-position":"center center","background-size":"auto","background-attachment":"scroll","background-type":"","background-media":"","overlay-type":"","overlay-color":"","overlay-opacity":"","overlay-gradient":""}},"ast-content-background-meta":{"desktop":{"background-color":"var(--ast-global-color-5)","background-image":"","background-repeat":"repeat","background-position":"center center","background-size":"auto","background-attachment":"scroll","background-type":"","background-media":"","overlay-type":"","overlay-color":"","overlay-opacity":"","overlay-gradient":""},"tablet":{"background-color":"var(--ast-global-color-5)","background-image":"","background-repeat":"repeat","background-position":"center center","background-size":"auto","background-attachment":"scroll","background-type":"","background-media":"","overlay-type":"","overlay-color":"","overlay-opacity":"","overlay-gradient":""},"mobile":{"background-color":"var(--ast-global-color-5)","background-image":"","background-repeat":"repeat","background-position":"center center","background-size":"auto","background-attachment":"scroll","background-type":"","background-media":"","overlay-type":"","overlay-color":"","overlay-opacity":"","overlay-gradient":""}},"_joinchat":[],"footnotes":""},"class_list":["post-2073","page","type-page","status-publish","hentry"],"_links":{"self":[{"href":"https:\/\/lomalindacampestre.org\/en\/wp-json\/wp\/v2\/pages\/2073","targetHints":{"allow":["GET"]}}],"collection":[{"href":"https:\/\/lomalindacampestre.org\/en\/wp-json\/wp\/v2\/pages"}],"about":[{"href":"https:\/\/lomalindacampestre.org\/en\/wp-json\/wp\/v2\/types\/page"}],"author":[{"embeddable":true,"href":"https:\/\/lomalindacampestre.org\/en\/wp-json\/wp\/v2\/users\/1"}],"replies":[{"embeddable":true,"href":"https:\/\/lomalindacampestre.org\/en\/wp-json\/wp\/v2\/comments?post=2073"}],"version-history":[{"count":49,"href":"https:\/\/lomalindacampestre.org\/en\/wp-json\/wp\/v2\/pages\/2073\/revisions"}],"predecessor-version":[{"id":3423,"href":"https:\/\/lomalindacampestre.org\/en\/wp-json\/wp\/v2\/pages\/2073\/revisions\/3423"}],"wp:attachment":[{"href":"https:\/\/lomalindacampestre.org\/en\/wp-json\/wp\/v2\/media?parent=2073"}],"curies":[{"name":"wp","href":"https:\/\/api.w.org\/{rel}","templated":true}]}}