{"id":2618,"date":"2025-07-15T17:29:19","date_gmt":"2025-07-15T21:29:19","guid":{"rendered":"https:\/\/lomalindacampestre.org\/?page_id=2618"},"modified":"2025-07-25T18:01:59","modified_gmt":"2025-07-25T22:01:59","slug":"productos","status":"publish","type":"page","link":"https:\/\/lomalindacampestre.org\/en\/productos\/","title":{"rendered":"products"},"content":{"rendered":"<div data-elementor-type=\"wp-page\" data-elementor-id=\"2618\" class=\"elementor elementor-2618\" data-elementor-post-type=\"page\">\n\t\t\t\t<div class=\"elementor-element elementor-element-47f293f e-con-full e-flex wpr-particle-no wpr-jarallax-no wpr-parallax-no wpr-sticky-section-no e-con e-parent\" data-id=\"47f293f\" data-element_type=\"container\" data-e-type=\"container\" data-settings=\"{&quot;background_background&quot;:&quot;classic&quot;}\">\n\t\t\t\t<\/div>\n\t\t<div class=\"elementor-element elementor-element-6cc6891 e-flex e-con-boxed wpr-particle-no wpr-jarallax-no wpr-parallax-no wpr-sticky-section-no e-con e-parent\" data-id=\"6cc6891\" data-element_type=\"container\" data-e-type=\"container\" data-settings=\"{&quot;background_background&quot;:&quot;classic&quot;}\">\n\t\t\t\t\t<div class=\"e-con-inner\">\n\t\t\t\t<div class=\"elementor-element elementor-element-92988ab elementor-widget elementor-widget-heading\" data-id=\"92988ab\" data-element_type=\"widget\" data-e-type=\"widget\" data-widget_type=\"heading.default\">\n\t\t\t\t<div class=\"elementor-widget-container\">\n\t\t\t\t\t<h2 class=\"elementor-heading-title elementor-size-default\">products<\/h2>\t\t\t\t<\/div>\n\t\t\t\t<\/div>\n\t\t\t\t\t<\/div>\n\t\t\t\t<\/div>\n\t\t\t\t<section class=\"elementor-section elementor-top-section elementor-element elementor-element-5ci98qv elementor-section-boxed elementor-section-height-default elementor-section-height-default wpr-particle-no wpr-jarallax-no wpr-parallax-no wpr-sticky-section-no\" data-id=\"5ci98qv\" data-element_type=\"section\" data-e-type=\"section\" data-settings=\"{&quot;background_background&quot;:&quot;classic&quot;}\">\n\t\t\t\t\t\t<div class=\"elementor-container elementor-column-gap-no\">\n\t\t\t\t\t<div class=\"elementor-column elementor-col-100 elementor-top-column elementor-element elementor-element-3edb3e6\" data-id=\"3edb3e6\" data-element_type=\"column\" data-e-type=\"column\">\n\t\t\t<div class=\"elementor-widget-wrap elementor-element-populated\">\n\t\t\t\t\t\t<section class=\"elementor-section elementor-inner-section elementor-element elementor-element-7dff22d elementor-section-boxed elementor-section-height-default elementor-section-height-default wpr-particle-no wpr-jarallax-no wpr-parallax-no wpr-sticky-section-no\" data-id=\"7dff22d\" data-element_type=\"section\" data-e-type=\"section\">\n\t\t\t\t\t\t<div class=\"elementor-container elementor-column-gap-no\">\n\t\t\t\t\t<div class=\"elementor-column elementor-col-100 elementor-inner-column elementor-element elementor-element-15f8b12\" data-id=\"15f8b12\" data-element_type=\"column\" data-e-type=\"column\">\n\t\t\t<div class=\"elementor-widget-wrap\">\n\t\t\t\t\t\t\t<\/div>\n\t\t<\/div>\n\t\t\t\t\t<\/div>\n\t\t<\/section>\n\t\t\t\t<section class=\"elementor-section elementor-inner-section elementor-element elementor-element-f18eb3f elementor-section-boxed elementor-section-height-default elementor-section-height-default wpr-particle-no wpr-jarallax-no wpr-parallax-no wpr-sticky-section-no\" data-id=\"f18eb3f\" data-element_type=\"section\" data-e-type=\"section\">\n\t\t\t\t\t\t<div class=\"elementor-container elementor-column-gap-no\">\n\t\t\t\t\t<div class=\"elementor-column elementor-col-33 elementor-inner-column elementor-element elementor-element-135f1b3\" data-id=\"135f1b3\" data-element_type=\"column\" data-e-type=\"column\" data-settings=\"{&quot;background_background&quot;:&quot;classic&quot;}\">\n\t\t\t<div class=\"elementor-widget-wrap elementor-element-populated\">\n\t\t\t\t\t\t<div class=\"elementor-element elementor-element-6f1df33 elementor-widget elementor-widget-image\" data-id=\"6f1df33\" data-element_type=\"widget\" data-e-type=\"widget\" data-widget_type=\"image.default\">\n\t\t\t\t<div class=\"elementor-widget-container\">\n\t\t\t\t\t\t\t\t\t\t\t\t\t\t\t<img fetchpriority=\"high\" decoding=\"async\" width=\"300\" height=\"300\" src=\"https:\/\/lomalindacampestre.org\/wp-content\/uploads\/2025\/07\/1-2.png\" class=\"elementor-animation-grow attachment-large size-large wp-image-2659\" alt=\"\" srcset=\"https:\/\/lomalindacampestre.org\/wp-content\/uploads\/2025\/07\/1-2.png 300w, https:\/\/lomalindacampestre.org\/wp-content\/uploads\/2025\/07\/1-2-150x150.png 150w, https:\/\/lomalindacampestre.org\/wp-content\/uploads\/2025\/07\/1-2-12x12.png 12w, https:\/\/lomalindacampestre.org\/wp-content\/uploads\/2025\/07\/1-2-100x100.png 100w\" sizes=\"(max-width: 300px) 100vw, 300px\" \/>\t\t\t\t\t\t\t\t\t\t\t\t\t\t\t<\/div>\n\t\t\t\t<\/div>\n\t\t\t\t<div class=\"elementor-element elementor-element-7d19bc0 elementor-widget elementor-widget-image-box\" data-id=\"7d19bc0\" data-element_type=\"widget\" data-e-type=\"widget\" data-widget_type=\"image-box.default\">\n\t\t\t\t<div class=\"elementor-widget-container\">\n\t\t\t\t\t<div class=\"elementor-image-box-wrapper\"><div class=\"elementor-image-box-content\"><h5 class=\"elementor-image-box-title\">Whole Grain Products<\/h5><p class=\"elementor-image-box-description\">Besides being deliciously made, our whole grain foods offer numerous health benefits and are an excellent source of essential nutrients such as fiber, vitamins, and minerals.<\/p><\/div><\/div>\t\t\t\t<\/div>\n\t\t\t\t<\/div>\n\t\t\t\t\t<\/div>\n\t\t<\/div>\n\t\t\t\t<div class=\"elementor-column elementor-col-33 elementor-inner-column elementor-element elementor-element-e6adec4\" data-id=\"e6adec4\" data-element_type=\"column\" data-e-type=\"column\" data-settings=\"{&quot;background_background&quot;:&quot;classic&quot;}\">\n\t\t\t<div class=\"elementor-widget-wrap elementor-element-populated\">\n\t\t\t\t\t\t<div class=\"elementor-element elementor-element-e805f7f elementor-widget elementor-widget-image\" data-id=\"e805f7f\" data-element_type=\"widget\" data-e-type=\"widget\" data-widget_type=\"image.default\">\n\t\t\t\t<div class=\"elementor-widget-container\">\n\t\t\t\t\t\t\t\t\t\t\t\t\t\t\t<img decoding=\"async\" width=\"300\" height=\"300\" src=\"https:\/\/lomalindacampestre.org\/wp-content\/uploads\/2025\/07\/2.png\" class=\"elementor-animation-grow attachment-large size-large wp-image-2660\" alt=\"\" srcset=\"https:\/\/lomalindacampestre.org\/wp-content\/uploads\/2025\/07\/2.png 300w, https:\/\/lomalindacampestre.org\/wp-content\/uploads\/2025\/07\/2-150x150.png 150w, https:\/\/lomalindacampestre.org\/wp-content\/uploads\/2025\/07\/2-12x12.png 12w, https:\/\/lomalindacampestre.org\/wp-content\/uploads\/2025\/07\/2-100x100.png 100w\" sizes=\"(max-width: 300px) 100vw, 300px\" \/>\t\t\t\t\t\t\t\t\t\t\t\t\t\t\t<\/div>\n\t\t\t\t<\/div>\n\t\t\t\t<div class=\"elementor-element elementor-element-01f0e61 elementor-widget__width-initial elementor-widget elementor-widget-image-box\" data-id=\"01f0e61\" data-element_type=\"widget\" data-e-type=\"widget\" data-widget_type=\"image-box.default\">\n\t\t\t\t<div class=\"elementor-widget-container\">\n\t\t\t\t\t<div class=\"elementor-image-box-wrapper\"><div class=\"elementor-image-box-content\"><h5 class=\"elementor-image-box-title\">Essential Oils<\/h5><p class=\"elementor-image-box-description\">Essential oils are a plant's essence. Within many plants, hidden in the roots, seeds, flowers, and bark, are concentrated and highly potent chemical compounds. Essential oils have antimicrobial, antiviral, antiparasitic, antifungal, insecticidal, and antioxidant properties. Through a distillation process, we extract the oil from Eucalyptus, Rosemary, Lemongrass, Lavender, and more.<\/p><\/div><\/div>\t\t\t\t<\/div>\n\t\t\t\t<\/div>\n\t\t\t\t\t<\/div>\n\t\t<\/div>\n\t\t\t\t<div class=\"elementor-column elementor-col-33 elementor-inner-column elementor-element elementor-element-d475267\" data-id=\"d475267\" data-element_type=\"column\" data-e-type=\"column\" data-settings=\"{&quot;background_background&quot;:&quot;classic&quot;}\">\n\t\t\t<div class=\"elementor-widget-wrap elementor-element-populated\">\n\t\t\t\t\t\t<div class=\"elementor-element elementor-element-65a6136 elementor-widget elementor-widget-image\" data-id=\"65a6136\" data-element_type=\"widget\" data-e-type=\"widget\" data-widget_type=\"image.default\">\n\t\t\t\t<div class=\"elementor-widget-container\">\n\t\t\t\t\t\t\t\t\t\t\t\t\t\t\t<img decoding=\"async\" width=\"300\" height=\"300\" src=\"https:\/\/lomalindacampestre.org\/wp-content\/uploads\/2025\/07\/3.png\" class=\"elementor-animation-grow attachment-large size-large wp-image-2661\" alt=\"\" srcset=\"https:\/\/lomalindacampestre.org\/wp-content\/uploads\/2025\/07\/3.png 300w, https:\/\/lomalindacampestre.org\/wp-content\/uploads\/2025\/07\/3-150x150.png 150w, https:\/\/lomalindacampestre.org\/wp-content\/uploads\/2025\/07\/3-12x12.png 12w, https:\/\/lomalindacampestre.org\/wp-content\/uploads\/2025\/07\/3-100x100.png 100w\" sizes=\"(max-width: 300px) 100vw, 300px\" \/>\t\t\t\t\t\t\t\t\t\t\t\t\t\t\t<\/div>\n\t\t\t\t<\/div>\n\t\t\t\t<div class=\"elementor-element elementor-element-488daff elementor-widget__width-initial elementor-widget elementor-widget-image-box\" data-id=\"488daff\" data-element_type=\"widget\" data-e-type=\"widget\" data-widget_type=\"image-box.default\">\n\t\t\t\t<div class=\"elementor-widget-container\">\n\t\t\t\t\t<div class=\"elementor-image-box-wrapper\"><div class=\"elementor-image-box-content\"><h5 class=\"elementor-image-box-title\">Activated Charcoal<\/h5><p class=\"elementor-image-box-description\">Activated charcoal is used in cases of bee stinging, animal bites or food poisoning from being absorbed by the body. <br><b>How it works: <\/b>Activated charcoal has a porous structure that allows it to \"trap\" toxic molecules in the intestine, preventing them from being absorbed into the bloodstream. \nIn some cases, it can be used to relieve the symptoms of diarrhea and gas according to the recommended\u00a0dosage\u00a0and\u00a0age.<b>\n<\/b>\n<\/p><\/div><\/div>\t\t\t\t<\/div>\n\t\t\t\t<\/div>\n\t\t\t\t\t<\/div>\n\t\t<\/div>\n\t\t\t\t\t<\/div>\n\t\t<\/section>\n\t\t\t\t\t<\/div>\n\t\t<\/div>\n\t\t\t\t\t<\/div>\n\t\t<\/section>\n\t\t\t\t<\/div>","protected":false},"excerpt":{"rendered":"<p>Productos Productos Integrales Adem\u00e1s de estar deliciosamente elaborados, nuestros alimentos de granos integrales ofrecen numerosos beneficios para la salud y son una excelente fuente de nutrientes esenciales como fibra, vitaminas y minerales. Aceites Esenciales Los aceites esenciales son la esencia de una planta. Dentro de muchas plantas, ocultas en las ra\u00edces, semillas, flores, corteza, se encuentran compuestos qu\u00edmicos concentrados y muy potentes. Los aceites esenciales tienen propiedades antimicrobianas, antivirales, antiparasitarias, antif\u00fangicas, insecticidas y antioxidantes. Mediante el proceso de destilaci\u00f3n, extraemos el aceite de eucalipto, romero, limoncillo, lavanda y otros. Carb\u00f3n Activado El carb\u00f3n activado se utiliza en casos de picaduras de abejas, mordeduras de animales o intoxicaciones alimentarias. \u00bfC\u00f3mo funciona?: El carb\u00f3n activado tiene una estructura porosa que le permite atrapar mol\u00e9culas t\u00f3xicas en el intestino, impidiendo que se absorban en el torrente sangu\u00edneo. En algunos casos, puede utilizarse para aliviar los s\u00edntomas de diarrea y gases de acuerdo a la dosificaci\u00f3n recomendada y seg\u00fan la edad.<\/p>","protected":false},"author":1,"featured_media":0,"parent":0,"menu_order":0,"comment_status":"closed","ping_status":"closed","template":"","meta":{"site-sidebar-layout":"no-sidebar","site-content-layout":"page-builder","ast-site-content-layout":"full-width-container","site-content-style":"default","site-sidebar-style":"default","ast-global-header-display":"","ast-banner-title-visibility":"","ast-main-header-display":"","ast-hfb-above-header-display":"","ast-hfb-below-header-display":"","ast-hfb-mobile-header-display":"","site-post-title":"disabled","ast-breadcrumbs-content":"","ast-featured-img":"disabled","footer-sml-layout":"","ast-disable-related-posts":"","theme-transparent-header-meta":"","adv-header-id-meta":"","stick-header-meta":"","header-above-stick-meta":"","header-main-stick-meta":"","header-below-stick-meta":"","astra-migrate-meta-layouts":"default","ast-page-background-enabled":"default","ast-page-background-meta":{"desktop":{"background-color":"var(--ast-global-color-4)","background-image":"","background-repeat":"repeat","background-position":"center center","background-size":"auto","background-attachment":"scroll","background-type":"","background-media":"","overlay-type":"","overlay-color":"","overlay-opacity":"","overlay-gradient":""},"tablet":{"background-color":"","background-image":"","background-repeat":"repeat","background-position":"center center","background-size":"auto","background-attachment":"scroll","background-type":"","background-media":"","overlay-type":"","overlay-color":"","overlay-opacity":"","overlay-gradient":""},"mobile":{"background-color":"","background-image":"","background-repeat":"repeat","background-position":"center center","background-size":"auto","background-attachment":"scroll","background-type":"","background-media":"","overlay-type":"","overlay-color":"","overlay-opacity":"","overlay-gradient":""}},"ast-content-background-meta":{"desktop":{"background-color":"var(--ast-global-color-5)","background-image":"","background-repeat":"repeat","background-position":"center center","background-size":"auto","background-attachment":"scroll","background-type":"","background-media":"","overlay-type":"","overlay-color":"","overlay-opacity":"","overlay-gradient":""},"tablet":{"background-color":"var(--ast-global-color-5)","background-image":"","background-repeat":"repeat","background-position":"center center","background-size":"auto","background-attachment":"scroll","background-type":"","background-media":"","overlay-type":"","overlay-color":"","overlay-opacity":"","overlay-gradient":""},"mobile":{"background-color":"var(--ast-global-color-5)","background-image":"","background-repeat":"repeat","background-position":"center center","background-size":"auto","background-attachment":"scroll","background-type":"","background-media":"","overlay-type":"","overlay-color":"","overlay-opacity":"","overlay-gradient":""}},"_joinchat":[],"footnotes":""},"class_list":["post-2618","page","type-page","status-publish","hentry"],"_links":{"self":[{"href":"https:\/\/lomalindacampestre.org\/en\/wp-json\/wp\/v2\/pages\/2618","targetHints":{"allow":["GET"]}}],"collection":[{"href":"https:\/\/lomalindacampestre.org\/en\/wp-json\/wp\/v2\/pages"}],"about":[{"href":"https:\/\/lomalindacampestre.org\/en\/wp-json\/wp\/v2\/types\/page"}],"author":[{"embeddable":true,"href":"https:\/\/lomalindacampestre.org\/en\/wp-json\/wp\/v2\/users\/1"}],"replies":[{"embeddable":true,"href":"https:\/\/lomalindacampestre.org\/en\/wp-json\/wp\/v2\/comments?post=2618"}],"version-history":[{"count":31,"href":"https:\/\/lomalindacampestre.org\/en\/wp-json\/wp\/v2\/pages\/2618\/revisions"}],"predecessor-version":[{"id":3480,"href":"https:\/\/lomalindacampestre.org\/en\/wp-json\/wp\/v2\/pages\/2618\/revisions\/3480"}],"wp:attachment":[{"href":"https:\/\/lomalindacampestre.org\/en\/wp-json\/wp\/v2\/media?parent=2618"}],"curies":[{"name":"wp","href":"https:\/\/api.w.org\/{rel}","templated":true}]}}