{"id":309,"date":"2024-06-20T10:49:59","date_gmt":"2024-06-20T14:49:59","guid":{"rendered":"https:\/\/lomalindacampestre.org\/projects\/"},"modified":"2025-07-21T23:38:08","modified_gmt":"2025-07-22T03:38:08","slug":"laberinto-educativo","status":"publish","type":"page","link":"https:\/\/lomalindacampestre.org\/en\/laberinto-educativo\/","title":{"rendered":"Educational Maze"},"content":{"rendered":"<div data-elementor-type=\"wp-page\" data-elementor-id=\"309\" class=\"elementor elementor-309\" data-elementor-post-type=\"page\">\n\t\t\t\t<div class=\"elementor-element elementor-element-5838e08 e-con-full e-flex wpr-particle-no wpr-jarallax-no wpr-parallax-no wpr-sticky-section-no e-con e-parent\" data-id=\"5838e08\" data-element_type=\"container\" data-e-type=\"container\" data-settings=\"{&quot;background_background&quot;:&quot;classic&quot;}\">\n\t\t\t\t<\/div>\n\t\t\t\t<section class=\"elementor-section elementor-top-section elementor-element elementor-element-3eac12ee0 elementor-section-boxed elementor-section-height-default elementor-section-height-default wpr-particle-no wpr-jarallax-no wpr-parallax-no wpr-sticky-section-no\" data-id=\"3eac12ee0\" data-element_type=\"section\" data-e-type=\"section\">\n\t\t\t\t\t\t<div class=\"elementor-container elementor-column-gap-default\">\n\t\t\t\t\t<div class=\"elementor-column elementor-col-100 elementor-top-column elementor-element elementor-element-456384bd\" data-id=\"456384bd\" data-element_type=\"column\" data-e-type=\"column\">\n\t\t\t<div class=\"elementor-widget-wrap elementor-element-populated\">\n\t\t\t\t\t\t<div class=\"elementor-element elementor-element-5937ffca elementor-widget elementor-widget-spacer\" data-id=\"5937ffca\" data-element_type=\"widget\" data-e-type=\"widget\" data-widget_type=\"spacer.default\">\n\t\t\t\t<div class=\"elementor-widget-container\">\n\t\t\t\t\t\t\t<div class=\"elementor-spacer\">\n\t\t\t<div class=\"elementor-spacer-inner\"><\/div>\n\t\t<\/div>\n\t\t\t\t\t\t<\/div>\n\t\t\t\t<\/div>\n\t\t\t\t\t<\/div>\n\t\t<\/div>\n\t\t\t\t\t<\/div>\n\t\t<\/section>\n\t\t\t\t<section class=\"elementor-section elementor-top-section elementor-element elementor-element-635701df elementor-section-boxed elementor-section-height-default elementor-section-height-default wpr-particle-no wpr-jarallax-no wpr-parallax-no wpr-sticky-section-no\" data-id=\"635701df\" data-element_type=\"section\" data-e-type=\"section\">\n\t\t\t\t\t\t<div class=\"elementor-container elementor-column-gap-default\">\n\t\t\t\t\t<div class=\"elementor-column elementor-col-100 elementor-top-column elementor-element elementor-element-6cf784f0\" data-id=\"6cf784f0\" data-element_type=\"column\" data-e-type=\"column\" data-settings=\"{&quot;background_background&quot;:&quot;classic&quot;}\">\n\t\t\t<div class=\"elementor-widget-wrap elementor-element-populated\">\n\t\t\t\t\t\t<div class=\"elementor-element elementor-element-605528d elementor-widget elementor-widget-heading\" data-id=\"605528d\" data-element_type=\"widget\" data-e-type=\"widget\" data-widget_type=\"heading.default\">\n\t\t\t\t<div class=\"elementor-widget-container\">\n\t\t\t\t\t<h2 class=\"elementor-heading-title elementor-size-default\">Educational Maze<\/h2>\t\t\t\t<\/div>\n\t\t\t\t<\/div>\n\t\t\t\t<div class=\"elementor-element elementor-element-74cfb4c4 wpr-list-style-none elementor-widget elementor-widget-wpr-posts-timeline\" data-id=\"74cfb4c4\" data-element_type=\"widget\" data-e-type=\"widget\" data-settings=\"{&quot;animation_offset&quot;:150,&quot;aos_animation_duration&quot;:600}\" data-widget_type=\"wpr-posts-timeline.default\">\n\t\t\t\t<div class=\"elementor-widget-container\">\n\t\t\t\t\t\n\t\t<div class=\"wpr-wrapper wpr-vertical wpr-centered\">\n\t\t\t<div class=\"wpr-timeline-centered wpr-line wpr-both-sided-timeline\"><div class=\"wpr-middle-line\"><\/div><div class=\"wpr-timeline-fill\" data-layout=\"centered\"><\/div><article class=\"wpr-timeline-entry wpr-left-aligned elementor-repeater-item-89eb76a\" data-item-id=\"elementor-repeater-item-89eb76a\"><time class=\"wpr-extra-label\" data-aos=\"fade\" data-aos-left=\"\" data-aos-right=\"\" data-animation-offset=\"150\" data-animation-duration=\"600\"><span class=\"wpr-label\">Enriquece tu Mente<\/span><span class=\"wpr-sub-label\">An unforgettable adventure!<\/span><\/time><div class=\"wpr-timeline-entry-inner\"><div class=\"wpr-main-line-icon wpr-icon\"><svg aria-hidden=\"true\" class=\"e-font-icon-svg e-fas-circle\" viewbox=\"0 0 512 512\" xmlns=\"http:\/\/www.w3.org\/2000\/svg\"><path d=\"M256 8C119 8 8 119 8 256s111 248 248 248 248-111 248-248S393 8 256 8z\"><\/path><\/svg><\/div><div class=\"wpr-story-info-vertical wpr-data-wrap\"  data-aos=\"fade\" data-aos-left=\"\" data-aos-right=\"\" data-animation-offset=\"150\" data-animation-duration=\"600\"><div class=\"wpr-animation-wrap wpr-timeline-media\"><img fetchpriority=\"high\" decoding=\"async\" width=\"1412\" height=\"1127\" src=\"https:\/\/lomalindacampestre.org\/wp-content\/uploads\/2025\/07\/3-1.webp\" class=\"attachment-full size-full\" alt=\"\" srcset=\"https:\/\/lomalindacampestre.org\/wp-content\/uploads\/2025\/07\/3-1.webp 1412w, https:\/\/lomalindacampestre.org\/wp-content\/uploads\/2025\/07\/3-1-300x239.webp 300w, https:\/\/lomalindacampestre.org\/wp-content\/uploads\/2025\/07\/3-1-1024x817.webp 1024w, https:\/\/lomalindacampestre.org\/wp-content\/uploads\/2025\/07\/3-1-768x613.webp 768w, https:\/\/lomalindacampestre.org\/wp-content\/uploads\/2025\/07\/3-1-15x12.webp 15w, https:\/\/lomalindacampestre.org\/wp-content\/uploads\/2025\/07\/3-1-600x479.webp 600w\" sizes=\"(max-width: 1412px) 100vw, 1412px\" \/><\/div><div class=\"wpr-timeline-content-wrapper\"><div class=\"wpr-content-wrapper\"><div class=\"wpr-title-wrap\"><span class=\"wpr-title\">Una Aventura Inolvidable<\/span><\/div><div class=\"wpr-description\"><p>In this unforgettable natural adventure, discover your talent and enrich your mind. This type of recreation in nature promotes physical health and generates the development of mental health skills. <\/p><\/div><\/div><\/div><\/div>\n\t\t\t\t\t\t<\/div>\n\t\t\t\t<\/article><article class=\"wpr-timeline-entry wpr-right-aligned elementor-repeater-item-700f641\" data-item-id=\"elementor-repeater-item-700f641\"><time class=\"wpr-extra-label\" data-aos=\"fade\" data-aos-left=\"\" data-aos-right=\"\" data-animation-offset=\"150\" data-animation-duration=\"600\"><span class=\"wpr-label\">Un recorrido<\/span><span class=\"wpr-sub-label\">Learn Lessons<\/span><\/time><div class=\"wpr-timeline-entry-inner\"><div class=\"wpr-main-line-icon wpr-icon\"><svg aria-hidden=\"true\" class=\"e-font-icon-svg e-fas-circle\" viewbox=\"0 0 512 512\" xmlns=\"http:\/\/www.w3.org\/2000\/svg\"><path d=\"M256 8C119 8 8 119 8 256s111 248 248 248 248-111 248-248S393 8 256 8z\"><\/path><\/svg><\/div><div class=\"wpr-story-info-vertical wpr-data-wrap\"  data-aos=\"fade\" data-aos-left=\"\" data-aos-right=\"\" data-animation-offset=\"150\" data-animation-duration=\"600\"><div class=\"wpr-animation-wrap wpr-timeline-media\"><img decoding=\"async\" width=\"2560\" height=\"1705\" src=\"https:\/\/lomalindacampestre.org\/wp-content\/uploads\/2025\/07\/leberinto-2-scaled.jpg\" class=\"attachment-full size-full\" alt=\"\" srcset=\"https:\/\/lomalindacampestre.org\/wp-content\/uploads\/2025\/07\/leberinto-2-scaled.jpg 2560w, https:\/\/lomalindacampestre.org\/wp-content\/uploads\/2025\/07\/leberinto-2-300x200.jpg 300w, https:\/\/lomalindacampestre.org\/wp-content\/uploads\/2025\/07\/leberinto-2-1024x682.jpg 1024w, https:\/\/lomalindacampestre.org\/wp-content\/uploads\/2025\/07\/leberinto-2-768x511.jpg 768w, https:\/\/lomalindacampestre.org\/wp-content\/uploads\/2025\/07\/leberinto-2-1536x1023.jpg 1536w, https:\/\/lomalindacampestre.org\/wp-content\/uploads\/2025\/07\/leberinto-2-2048x1364.jpg 2048w, https:\/\/lomalindacampestre.org\/wp-content\/uploads\/2025\/07\/leberinto-2-18x12.jpg 18w, https:\/\/lomalindacampestre.org\/wp-content\/uploads\/2025\/07\/leberinto-2-600x400.jpg 600w\" sizes=\"(max-width: 2560px) 100vw, 2560px\" \/><\/div><div class=\"wpr-timeline-content-wrapper\"><div class=\"wpr-content-wrapper\"><div class=\"wpr-title-wrap\"><span class=\"wpr-title\">Learn Lessons<\/span><\/div><div class=\"wpr-description\"><p>As a fun and reflective activity, the tour through Eugenia&#039;s maze aims to allow visitors to learn assertive lessons\nconcerning their character development as individuals. This activity involves conducting a dynamic\nretrospective analysis based on decisions or lifestyle choices.<\/p><\/div><\/div><\/div><\/div>\n\t\t\t\t\t\t<\/div>\n\t\t\t\t<\/article><article class=\"wpr-timeline-entry wpr-left-aligned elementor-repeater-item-aa9d67d\" data-item-id=\"elementor-repeater-item-aa9d67d\"><time class=\"wpr-extra-label\" data-aos=\"fade\" data-aos-left=\"\" data-aos-right=\"\" data-animation-offset=\"150\" data-animation-duration=\"600\"><span class=\"wpr-label\">\u00a1No te pierdas esta Experiencia!<\/span><\/time><div class=\"wpr-timeline-entry-inner\"><div class=\"wpr-main-line-icon wpr-icon\"><svg aria-hidden=\"true\" class=\"e-font-icon-svg e-fas-circle\" viewbox=\"0 0 512 512\" xmlns=\"http:\/\/www.w3.org\/2000\/svg\"><path d=\"M256 8C119 8 8 119 8 256s111 248 248 248 248-111 248-248S393 8 256 8z\"><\/path><\/svg><\/div><div class=\"wpr-story-info-vertical wpr-data-wrap\"  data-aos=\"fade\" data-aos-left=\"\" data-aos-right=\"\" data-animation-offset=\"150\" data-animation-duration=\"600\"><div class=\"wpr-animation-wrap wpr-timeline-media\"><img decoding=\"async\" width=\"2560\" height=\"1705\" src=\"https:\/\/lomalindacampestre.org\/wp-content\/uploads\/2025\/07\/leberinto-1-scaled.jpg\" class=\"attachment-full size-full\" alt=\"\" srcset=\"https:\/\/lomalindacampestre.org\/wp-content\/uploads\/2025\/07\/leberinto-1-scaled.jpg 2560w, https:\/\/lomalindacampestre.org\/wp-content\/uploads\/2025\/07\/leberinto-1-300x200.jpg 300w, https:\/\/lomalindacampestre.org\/wp-content\/uploads\/2025\/07\/leberinto-1-1024x682.jpg 1024w, https:\/\/lomalindacampestre.org\/wp-content\/uploads\/2025\/07\/leberinto-1-768x511.jpg 768w, https:\/\/lomalindacampestre.org\/wp-content\/uploads\/2025\/07\/leberinto-1-1536x1023.jpg 1536w, https:\/\/lomalindacampestre.org\/wp-content\/uploads\/2025\/07\/leberinto-1-2048x1364.jpg 2048w, https:\/\/lomalindacampestre.org\/wp-content\/uploads\/2025\/07\/leberinto-1-18x12.jpg 18w, https:\/\/lomalindacampestre.org\/wp-content\/uploads\/2025\/07\/leberinto-1-600x400.jpg 600w\" sizes=\"(max-width: 2560px) 100vw, 2560px\" \/><\/div><div class=\"wpr-timeline-content-wrapper\"><div class=\"wpr-content-wrapper\"><div class=\"wpr-title-wrap\"><span class=\"wpr-title\">Crecimiento Personal<\/span><\/div><div class=\"wpr-description\"><p>This activity provides support for personal growth\nand is also a supportive strategy for cases of depression, anxiety, and other related issues.<\/p><\/div><\/div><\/div><\/div>\n\t\t\t\t\t\t<\/div>\n\t\t\t\t<\/article><\/div>    \n\t\t\t<\/div>\t\t\t\t<\/div>\n\t\t\t\t<\/div>\n\t\t\t\t<div class=\"elementor-element elementor-element-725785d elementor-align-justify elementor-mobile-align-center elementor-widget__width-initial elementor-widget-mobile__width-initial elementor-widget elementor-widget-button\" data-id=\"725785d\" data-element_type=\"widget\" data-e-type=\"widget\" data-widget_type=\"button.default\">\n\t\t\t\t<div class=\"elementor-widget-container\">\n\t\t\t\t\t\t\t\t\t<div class=\"elementor-button-wrapper\">\n\t\t\t\t\t<a class=\"elementor-button elementor-button-link elementor-size-sm\" href=\"https:\/\/lomalindacampestre.org\/en\/contactos\/\">\n\t\t\t\t\t\t<span class=\"elementor-button-content-wrapper\">\n\t\t\t\t\t\t\t\t\t<span class=\"elementor-button-text\">\u00a1Make your Reservation!<\/span>\n\t\t\t\t\t<\/span>\n\t\t\t\t\t<\/a>\n\t\t\t\t<\/div>\n\t\t\t\t\t\t\t\t<\/div>\n\t\t\t\t<\/div>\n\t\t\t\t\t<\/div>\n\t\t<\/div>\n\t\t\t\t\t<\/div>\n\t\t<\/section>\n\t\t\t\t<\/div>","protected":false},"excerpt":{"rendered":"<p>Laberinto Educativo Enriquece tu MenteAventura Inolvidable Una Aventura Inolvidable En esta aventura natural inolvidable, descubre tu talento y enriquece tu mente. Este tipo de recreaci\u00f3n en medio de la naturaleza promueve la salud f\u00edsica y genera el desarrollo de destrezas de salud mental. Un recorridoAprender Lecciones Aprender Lecciones Como actividad l\u00fadica y reflexiva, el recorrido por el laberinto de Eugenias busca que los visitantes aprendan lecciones asertivas sobre el desarrollo de su car\u00e1cter como individuos. Esta actividad implica realizar un an\u00e1lisis retrospectivo din\u00e1mico basado en decisiones y estilos de vida. \u00a1No te pierdas esta Experiencia! Crecimiento Personal Esta actividad apoya el crecimiento personal y es tambi\u00e9n una estrategia de apoyo para casos de depresi\u00f3n, ansiedad y otros problemas relacionados. \u00a1Reserva tu visita!<\/p>","protected":false},"author":1,"featured_media":0,"parent":0,"menu_order":0,"comment_status":"closed","ping_status":"closed","template":"","meta":{"site-sidebar-layout":"no-sidebar","site-content-layout":"page-builder","ast-site-content-layout":"full-width-container","site-content-style":"unboxed","site-sidebar-style":"unboxed","ast-global-header-display":"","ast-banner-title-visibility":"","ast-main-header-display":"","ast-hfb-above-header-display":"","ast-hfb-below-header-display":"","ast-hfb-mobile-header-display":"","site-post-title":"disabled","ast-breadcrumbs-content":"disabled","ast-featured-img":"disabled","footer-sml-layout":"","ast-disable-related-posts":"","theme-transparent-header-meta":"disabled","adv-header-id-meta":"","stick-header-meta":"","header-above-stick-meta":"","header-main-stick-meta":"","header-below-stick-meta":"","astra-migrate-meta-layouts":"set","ast-page-background-enabled":"default","ast-page-background-meta":{"desktop":{"background-color":"var(--ast-global-color-4)","background-image":"","background-repeat":"repeat","background-position":"center center","background-size":"auto","background-attachment":"scroll","background-type":"","background-media":"","overlay-type":"","overlay-color":"","overlay-opacity":"","overlay-gradient":""},"tablet":{"background-color":"","background-image":"","background-repeat":"repeat","background-position":"center center","background-size":"auto","background-attachment":"scroll","background-type":"","background-media":"","overlay-type":"","overlay-color":"","overlay-opacity":"","overlay-gradient":""},"mobile":{"background-color":"","background-image":"","background-repeat":"repeat","background-position":"center center","background-size":"auto","background-attachment":"scroll","background-type":"","background-media":"","overlay-type":"","overlay-color":"","overlay-opacity":"","overlay-gradient":""}},"ast-content-background-meta":{"desktop":{"background-color":"var(--ast-global-color-5)","background-image":"","background-repeat":"repeat","background-position":"center center","background-size":"auto","background-attachment":"scroll","background-type":"","background-media":"","overlay-type":"","overlay-color":"","overlay-opacity":"","overlay-gradient":""},"tablet":{"background-color":"var(--ast-global-color-5)","background-image":"","background-repeat":"repeat","background-position":"center center","background-size":"auto","background-attachment":"scroll","background-type":"","background-media":"","overlay-type":"","overlay-color":"","overlay-opacity":"","overlay-gradient":""},"mobile":{"background-color":"var(--ast-global-color-5)","background-image":"","background-repeat":"repeat","background-position":"center center","background-size":"auto","background-attachment":"scroll","background-type":"","background-media":"","overlay-type":"","overlay-color":"","overlay-opacity":"","overlay-gradient":""}},"_joinchat":[],"footnotes":""},"class_list":["post-309","page","type-page","status-publish","hentry"],"_links":{"self":[{"href":"https:\/\/lomalindacampestre.org\/en\/wp-json\/wp\/v2\/pages\/309","targetHints":{"allow":["GET"]}}],"collection":[{"href":"https:\/\/lomalindacampestre.org\/en\/wp-json\/wp\/v2\/pages"}],"about":[{"href":"https:\/\/lomalindacampestre.org\/en\/wp-json\/wp\/v2\/types\/page"}],"author":[{"embeddable":true,"href":"https:\/\/lomalindacampestre.org\/en\/wp-json\/wp\/v2\/users\/1"}],"replies":[{"embeddable":true,"href":"https:\/\/lomalindacampestre.org\/en\/wp-json\/wp\/v2\/comments?post=309"}],"version-history":[{"count":174,"href":"https:\/\/lomalindacampestre.org\/en\/wp-json\/wp\/v2\/pages\/309\/revisions"}],"predecessor-version":[{"id":3282,"href":"https:\/\/lomalindacampestre.org\/en\/wp-json\/wp\/v2\/pages\/309\/revisions\/3282"}],"wp:attachment":[{"href":"https:\/\/lomalindacampestre.org\/en\/wp-json\/wp\/v2\/media?parent=309"}],"curies":[{"name":"wp","href":"https:\/\/api.w.org\/{rel}","templated":true}]}}